{"id":124,"date":"2016-06-24T08:42:02","date_gmt":"2016-06-24T06:42:02","guid":{"rendered":"https:\/\/www.uke.sav.sk\/en\/?page_id=124"},"modified":"2025-01-14T15:55:06","modified_gmt":"2025-01-14T14:55:06","slug":"contact-information","status":"publish","type":"page","link":"https:\/\/www.uke.sav.sk\/en\/contact\/contact-information\/","title":{"rendered":"Contact Information"},"content":{"rendered":"<table class=\"contentpaneopen\" border=\"0\" width=\"100%\" cellspacing=\"0\" cellpadding=\"0\">\n<tbody>\n<tr>\n<td class=\"contentheading\" width=\"100%\">Institute of Landscape Ecology SAS<\/td>\n<\/tr>\n<tr>\n<td colspan=\"2\">Organization SAS<\/td>\n<\/tr>\n<tr>\n<td>\n<table border=\"0\" width=\"100%\">\n<tbody>\n<tr>\n<td><\/td>\n<td rowspan=\"2\" align=\"right\" valign=\"top\"><\/td>\n<\/tr>\n<tr>\n<td>\n<table border=\"0\" width=\"100%\" cellspacing=\"0\" cellpadding=\"0\">\n<tbody>\n<tr>\n<td rowspan=\"6\" valign=\"top\" width=\"100\">Address:<\/td>\n<\/tr>\n<tr>\n<td valign=\"top\">\u0160tef\u00e1nikova 3, P.O.BOX 254<\/td>\n<\/tr>\n<tr>\n<td valign=\"top\">814 99<\/td>\n<\/tr>\n<tr>\n<td valign=\"top\">Bratislava<\/td>\n<\/tr>\n<tr>\n<td valign=\"top\">Slovakia<\/td>\n<\/tr>\n<\/tbody>\n<\/table>\n<table border=\"0\" width=\"100%\" cellspacing=\"0\" cellpadding=\"0\">\n<tbody>\n<tr>\n<td width=\"100\">E-mail:<\/td>\n<td><a href=\"mailto:directorile@savba.sk\">directorile@savba.sk<\/a>,\u00a0<a href=\"mailto:lubos.halada@savba.sk\">lubos.halada@savba.sk<\/a><\/td>\n<\/tr>\n<tr>\n<td width=\"100\">Telephone:<\/td>\n<td>+421 2 3229 3624, +421 904 622 065<\/td>\n<\/tr>\n<tr>\n<td width=\"100\"><\/td>\n<td><\/td>\n<\/tr>\n<\/tbody>\n<\/table>\n<table border=\"0\" width=\"100%\" cellspacing=\"0\" cellpadding=\"0\">\n<tbody>\n<tr>\n<td valign=\"top\" width=\"100\">ILE SAS Nitra:<\/td>\n<td>\u00daKE SAV Nitra:<br \/>\nAkademick\u00e1 2, P. O. BOX 22,<br \/>\n949 10 Nitraved\u00faci pobo\u010dky &#8211; tel. \u010d.: +421 37 69 43 142, +421 37 73 35 694<br \/>\nsekretari\u00e1t &#8211; tel. \u010d.: +421 37 69 43 143, fax: +421 37 73 35 608<\/td>\n<\/tr>\n<\/tbody>\n<\/table>\n<\/td>\n<\/tr>\n<\/tbody>\n<\/table>\n<\/td>\n<\/tr>\n<\/tbody>\n<\/table>\n","protected":false},"excerpt":{"rendered":"<p>Institute of Landscape Ecology SAS Organization SAS Address: \u0160tef\u00e1nikova 3, P.O.BOX 254 814 99 Bratislava Slovakia E-mail: directorile@savba.sk,\u00a0lubos.halada@savba.sk Telephone: +421 2 3229 3624, +421 904&#8230;<span class=\"excerpt_more\"><a href=\"https:\/\/www.uke.sav.sk\/en\/contact\/contact-information\/\">\u010d\u00edta\u0165 \u010falej &raquo;<\/a><\/span><\/p>\n","protected":false},"author":1,"featured_media":0,"parent":122,"menu_order":0,"comment_status":"closed","ping_status":"closed","template":"","meta":{"footnotes":"","_links_to":"","_links_to_target":""},"class_list":["post-124","page","type-page","status-publish","hentry"],"_links":{"self":[{"href":"https:\/\/www.uke.sav.sk\/en\/wp-json\/wp\/v2\/pages\/124","targetHints":{"allow":["GET"]}}],"collection":[{"href":"https:\/\/www.uke.sav.sk\/en\/wp-json\/wp\/v2\/pages"}],"about":[{"href":"https:\/\/www.uke.sav.sk\/en\/wp-json\/wp\/v2\/types\/page"}],"author":[{"embeddable":true,"href":"https:\/\/www.uke.sav.sk\/en\/wp-json\/wp\/v2\/users\/1"}],"replies":[{"embeddable":true,"href":"https:\/\/www.uke.sav.sk\/en\/wp-json\/wp\/v2\/comments?post=124"}],"version-history":[{"count":3,"href":"https:\/\/www.uke.sav.sk\/en\/wp-json\/wp\/v2\/pages\/124\/revisions"}],"predecessor-version":[{"id":382,"href":"https:\/\/www.uke.sav.sk\/en\/wp-json\/wp\/v2\/pages\/124\/revisions\/382"}],"up":[{"embeddable":true,"href":"https:\/\/www.uke.sav.sk\/en\/wp-json\/wp\/v2\/pages\/122"}],"wp:attachment":[{"href":"https:\/\/www.uke.sav.sk\/en\/wp-json\/wp\/v2\/media?parent=124"}],"curies":[{"name":"wp","href":"https:\/\/api.w.org\/{rel}","templated":true}]}}