{"id":192,"date":"2016-09-19T10:08:52","date_gmt":"2016-09-19T08:08:52","guid":{"rendered":"https:\/\/www.uke.sav.sk\/en\/?page_id=192"},"modified":"2025-01-14T15:55:07","modified_gmt":"2025-01-14T14:55:07","slug":"17th-international-symposium-nitra-2015","status":"publish","type":"page","link":"https:\/\/www.uke.sav.sk\/en\/research\/conferences-and-symposia\/17th-international-symposium-nitra-2015\/","title":{"rendered":"17th International Symposium Nitra 2015"},"content":{"rendered":"<p><center><img loading=\"lazy\" decoding=\"async\" src=\"https:\/\/www.uke.sav.sk\/old\/images\/logoilesas.png\" width=\"81\" height=\"75\" border=\"0\" \/> <img loading=\"lazy\" decoding=\"async\" src=\"https:\/\/www.uke.sav.sk\/old\/images\/sas.png\" width=\"117\" height=\"88\" border=\"0\" \/> <img loading=\"lazy\" decoding=\"async\" src=\"https:\/\/www.uke.sav.sk\/old\/images\/ukf.png\" width=\"87\" height=\"85\" border=\"0\" \/> <img loading=\"lazy\" decoding=\"async\" src=\"https:\/\/www.uke.sav.sk\/old\/images\/eko.png\" width=\"72\" height=\"67\" border=\"0\" \/><\/center><br \/>\n&nbsp;<br \/>\n&nbsp;<br \/>\n&nbsp;<br \/>\n&nbsp;<\/p>\n<p align=\"center\">Institute of Landscape Ecology, Slovak Academy of Sciences<\/p>\n<p align=\"center\">Constantine the Philosopher University in Nitra<\/p>\n<p align=\"center\">Slovak Ecological Society by the Slovak Academy of Sciences<\/p>\n<p align=\"center\"><img loading=\"lazy\" decoding=\"async\" src=\"https:\/\/www.uke.sav.sk\/old\/images\/SymposiumSK2015.PNG\" width=\"610\" height=\"61\" border=\"0\" \/><\/p>\n<p align=\"center\"><strong><br \/>\n&nbsp;<br \/>\n&nbsp;<br \/>\n&nbsp;<br \/>\n17th<\/strong> <strong>International<\/strong> <strong>Symposium<\/strong><\/p>\n<p align=\"center\"><img decoding=\"async\" src=\"https:\/\/www.uke.sav.sk\/old\/images\/SLE_2015-picture.png\" border=\"0\" \/><\/p>\n<p align=\"center\"><strong>27 \u2013 29 May, 2015<\/strong><\/p>\n<p align=\"center\"><strong>Nitra, Slovakia<\/strong><\/p>\n<p dir=\"ltr\">Symposium was attended by <strong>128 participants<\/strong> from <strong>21 countries<\/strong> of Europe, America and Asia (Austria, Belgium, Bulgaria, the Czech Republic, Estonia, Germany, Hungary, India, Lithuania, the Netherlands, Poland, Portugal, the Russian Federation, Serbia, the Slovak Republic, Slovenia, Spain, Switzerland, the U.S.A., Ukraine and the United Kingdom).<\/p>\n<p><a title=\"Click here to open photo gallery\" href=\"https:\/\/www.uke.sav.sk\/index.php?option=com_content&amp;view=article&amp;id=319&amp;Itemid=&amp;lang=en\"><strong>Symposium photos <\/strong>(click to view and download)<\/a><\/p>\n<p>&nbsp;<\/p>\n<p><strong> Topics \/ Sections \/ Workshop<\/strong><\/p>\n<p><strong>1. Theoretical issues of landscape ecology: current concepts and trends<\/strong><\/p>\n<p>Invited lecture: \u201cCurrent concepts and trends in establishing Landscape Observatories at national<\/p>\n<p>and continental scales\u201d <strong><em>by Prof. Felix Kienast \u2013 President IALE International <\/em><\/strong>(Swiss Federal Research Institute WSL, Birmensdorf, Switzerland)<\/p>\n<p>&nbsp;<\/p>\n<p><strong>2. Methods in landscape research<\/strong><\/p>\n<p>Invited lecture: &#8220;Post-industrial landscape: its identification, typology and value&#8221;<\/p>\n<p><strong><strong><em>by Assoc. <\/em><\/strong><em>Prof. Jarom\u00edr <\/em><\/strong><strong><em>Kolejka <\/em><\/strong>(Masaryk University, Brno, Czech Republic)<\/p>\n<p><strong>3. Landscape and ecosystem services: concepts and applications<\/strong><\/p>\n<p>Invited lecture:<\/p>\n<p>&#8211; &#8220;Ecosystem and landscape services &#8211; development and challenges of disputed concepts&#8221; <strong>by Dr. Olaf Bastian <\/strong>(State Capital of Dresden, Environmental Authority, Germany);<\/p>\n<p>&#8211; (Dr. Joachim Maes cancelled his presentation due to a major obligation received)<\/p>\n<p>&nbsp;<\/p>\n<p><strong>4. Landscape governance and management<\/strong><\/p>\n<p>Invited lecture: <strong><em>Ms. Pavl\u00edna Mi\u0161\u00edkov\u00e1<\/em><\/strong> (Ministry of Environment of the Slovak Republic) cancelled<\/p>\n<p>her presentation \u201eLandscape and Policy. Time for Change\u201c due to unexpected circumstances<\/p>\n<p><strong>5. Environmental awareness and education in landscape ecology<\/strong><\/p>\n<p>Invited lecture: \u201cLandscape conversations. Getting involved with local people and their landscapes\u201c<\/p>\n<p><strong><em>by Prof. Hannes Palang<\/em><\/strong> (Estonian Institute of Humanities, Tallinn University, Estonia)<\/p>\n<p>&nbsp;<\/p>\n<p><strong>Workshop: Ecosystem Services in Changing Landscapes: How to assess tradeoffs and land use <\/strong><strong>options?<\/strong><\/p>\n<p>Chairs: Dr. Sandra S. Luque (IRSTEA &#8211; National Research Institute of Science and<\/p>\n<p>Technology for Environment and Agriculture, France\/<\/p>\n<p>University of St Andrews, Scotland, UK)<\/p>\n<p>Dr. Peter Bez\u00e1k (Institute of Landscape Ecology, Slovak Academy of Sciences,<\/p>\n<p>Slovakia)<\/p>\n<p><a href=\"https:\/\/www.uke.sav.sk\/index.php?option=com_content&amp;view=article&amp;id=315\">Find the introduction here.<\/a><\/p>\n<p>&nbsp;<\/p>\n<p><a href=\"https:\/\/www.uke.sav.sk\/old\/index.php?option=com_content&amp;view=article&amp;id=318&amp;lang=sk\" target=\"_blank\" rel=\"noopener\"><strong>Presented contributions for download<\/strong> (in a new window)<\/a><\/p>\n<p>&nbsp;<\/p>\n<p><strong>Abstracts and Proceedings<\/strong><\/p>\n<p>Language of the Symposium and proceedings is English.<\/p>\n<p>&nbsp;<\/p>\n<p>Publication of abstracts and full papers will be possible only for an author with valid registration. The Scientific Board reserves the right to accept the contributions for oral or poster presentation and publication within the due deadline. Participants will be offered a possibility to publish full texts of papers and posters presented at the Symposium in a peer-reviewed book of proceedings. Its first volume will contain selected contributions and will be applied for indexing in the Web of Science (Thomson-Reuters).<\/p>\n<p>Book of abstracts for download:<\/p>\n<p><a href=\"https:\/\/www.uke.sav.sk\/old\/phocadownload\/Abstracts-SymposiumLandscapeEcology2015_Slovakia.pdf\" target=\"_blank\" rel=\"noopener\">Abstracts-SymposiumLandscapeEcology2015_Slovakia.pdf<\/a><\/p>\n<div>\n<p>&nbsp;<\/p>\n<p>Book of proceedings for download:<\/p>\n<p><a href=\"https:\/\/www.uke.sav.sk\/old\/phocadownload\/symposium\/Proceedings-SymposiumLandscapeEcology2015-Slovakia.pdf\" target=\"_blank\" rel=\"noopener\">Proceedings-SymposiumLandscapeEcology2015_Slovakia.pdf<\/a><\/p>\n<\/div>\n<div><\/div>\n<p><strong> Scientific Board<\/strong><\/p>\n<p><strong>Prof. Emer. Milan Ru\u017ei\u010dka <\/strong>(honorary member) &#8211; Constantine the Philosopher University in Nitra,<\/p>\n<p>Department of Ecology and Environmental Sciences &#8211; Slovakia<\/p>\n<p><strong>Dr. Zita Izakovi\u010dov\u00e1 <\/strong>&#8211; Institute of Landscape Ecology, SAS &#8211; Slovakia<\/p>\n<p><strong>Prof. Juraj Hre\u0161ko <\/strong>&#8211; Constantine the Philosopher University in Nitra, Department of Ecology<\/p>\n<p>and Environmental Sciences &#8211; Slovakia<\/p>\n<p><strong>Dr. Olaf Bastian<\/strong> &#8211; State Capital of Dresden, Environmental Authority &#8211; Germany<\/p>\n<p><strong>Dr. Sl\u00e1vka Ga\u0142a\u015b<\/strong> &#8211; Academy G\u00f3rniczo-Hutnicza im. Stanis\u0142awa Staszica, Department Analiz<\/p>\n<p>\u015arodowiskowych, Kartografii i Geologii Gospodarczej, Krak\u00f3w &#8211; Poland<\/p>\n<p><strong>Prof. Felix Kienast<\/strong> &#8211; Swiss Federal Research Institute WSL, Birmensdorf &#8211; Switzerland<\/p>\n<p><strong>Assoc. Prof. Jarom\u00edr Kolejka<\/strong> &#8211; Masaryk University, Faculty of Education, Department of<\/p>\n<p>Geography, Brno &#8211; Czech Republic<\/p>\n<p><strong>Prof. D\u00e9nes L\u00f3czy<\/strong> &#8211; University of Pecs, Institute of Geography &#8211; Hungary<\/p>\n<p><strong>Dr. Sandra Luque<\/strong> &#8211; National Research Institute of Science and Technology for Environment<\/p>\n<p>and Agriculture &#8211; France<\/p>\n<p><strong>Assoc. Prof. <\/strong><strong>Bas Pedroli<\/strong> &#8211; Wageningen University, Land Use Planning Group, Wageningen<\/p>\n<p>&#8211; the Netherlands<\/p>\n<p><strong>Prof. Wolfgang Sulzer <\/strong>&#8211; Karl Franzens University Graz, Institute for Geography and Regional<\/p>\n<p>Sciences &#8211; Austria<\/p>\n<p>&nbsp;<\/p>\n<p><strong>Organising Committee and contacts<\/strong><\/p>\n<p><strong>ILE SAS:<\/strong> Dr. Andrej Ba\u010da (Committee Chair), Dr. Jana Borovsk\u00e1 (Deputy Chair), Assoc. Prof.<\/p>\n<p>Martin Bolti\u017eiar, Dr. \u013dubo\u0161 Halada, Dr. Peter Bez\u00e1k, Dr. Peter Gajdo\u0161<\/p>\n<p><strong>CPU:<\/strong> Dr. Regina Mi\u0161ovi\u010dov\u00e1 (Deputy Chair), Prof. Juraj Hre\u0161ko, Prof. Franti\u0161ek Petrovi\u010d, Dr. Filip<\/p>\n<p>Tulis<\/p>\n<p>&nbsp;<\/p>\n<p>Institute of Landscape Ecology, Slovak Academy of Sciences &#8211; branch Nitra<\/p>\n<p>Akademick\u00e1 2, POB 22<\/p>\n<p>949 10, Nitra<\/p>\n<p>Slovak Republic<\/p>\n<p>website: <a href=\"https:\/\/www.uke.sav.sk\/symposium2015\">www.uke.sav.sk\/symposium2015<\/a><\/p>\n<p>e-mail: ilesymposium2015(at)savba.sk<\/p>\n<table border=\"0\">\n<tbody>\n<tr>\n<td>Dr. Andrej Ba\u010da (Organising Committee Chair)<\/td>\n<td>\u2013 tel. 00421 2 2092 0350<\/td>\n<\/tr>\n<tr>\n<td>Dr. Jana Borovsk\u00e1 (Deputy Chair)<\/td>\n<td>\u2013 tel. 00421 2 2092 0368<\/td>\n<\/tr>\n<\/tbody>\n<\/table>\n<p>&nbsp;<\/p>\n<p><strong> Venue<\/strong><\/p>\n<p>&nbsp;<\/p>\n<p><img loading=\"lazy\" decoding=\"async\" src=\"https:\/\/www.uke.sav.sk\/old\/images\/stories\/obr_ukf.jpg\" width=\"705\" height=\"245\" border=\"0\" \/><\/p>\n<p>&nbsp;<\/p>\n<p>The Symposium will take place at the <a href=\"http:\/\/www.en.ukf.sk\/\" target=\"_blank\" rel=\"noopener\">Constantine the Philosopher University in Nitra<\/a>, Faculty of Natural Sciences, Department of Ecology and Environmental Sciences.<\/p>\n<p>Address: Trieda A. Hlinku 1, 949 74, <a href=\"http:\/\/www.nitra.eu\/\" target=\"_blank\" rel=\"noopener\">Nitra, Slovak Republic<\/a> (N 48.308239, E 18.091289)<\/p>\n<p>(approx. 90 km from Bratislava).<\/p>\n<p>&nbsp;<\/p>\n<p><strong> Symposium programme<\/strong><\/p>\n<p>&nbsp;<\/p>\n<table border=\"0\">\n<tbody>\n<tr>\n<td valign=\"top\"><strong>26 May 2015 (Tue)<\/strong><\/td>\n<td>\u2013 start of registration at the venue<\/td>\n<\/tr>\n<tr>\n<td valign=\"top\"><strong>27-29 May 2015 (Wed-Fri)<\/strong><\/td>\n<td>\u2013 registration, oral presentations and poster sessions, workshops; sightseeing in Nitra (sites on the castle hill) and Symposium dinner on 28 May; <strong>overview programme and the map for download:<\/strong> <a href=\"https:\/\/www.uke.sav.sk\/old\/phocadownload\/Symp2015_overview_programme.xlsx\" target=\"_blank\" rel=\"noopener\">Symp2015_overview_programme.xlsx<\/a><\/td>\n<\/tr>\n<tr>\n<td valign=\"top\"><strong>30 May 2015 (Sat)<\/strong><\/td>\n<td>\u2013 post-symposium excursion:<\/p>\n<p>\u2013 <a href=\"http:\/\/www.arboretum.sav.sk\/sk\/o-arborete\/general-information\/\" target=\"_blank\" rel=\"noopener\">The Mly\u0148any Arboretum<\/a><br \/>\n\u2013 <a href=\"http:\/\/www.zamok-topolcianky.sk\/\" target=\"_blank\" rel=\"noopener\">Castle<\/a> of Topo\u013e\u010dianky with museum<br \/>\n\u2013 free programme in Topo\u013e\u010dianky<\/td>\n<\/tr>\n<\/tbody>\n<\/table>\n","protected":false},"excerpt":{"rendered":"<p>&nbsp; &nbsp; &nbsp; &nbsp; Institute of Landscape Ecology, Slovak Academy of Sciences Constantine the Philosopher University in Nitra Slovak Ecological Society by the Slovak Academy&#8230;<span class=\"excerpt_more\"><a href=\"https:\/\/www.uke.sav.sk\/en\/research\/conferences-and-symposia\/17th-international-symposium-nitra-2015\/\">\u010d\u00edta\u0165 \u010falej &raquo;<\/a><\/span><\/p>\n","protected":false},"author":1,"featured_media":0,"parent":49,"menu_order":2,"comment_status":"closed","ping_status":"closed","template":"","meta":{"footnotes":"","_links_to":"","_links_to_target":""},"class_list":["post-192","page","type-page","status-publish","hentry"],"_links":{"self":[{"href":"https:\/\/www.uke.sav.sk\/en\/wp-json\/wp\/v2\/pages\/192","targetHints":{"allow":["GET"]}}],"collection":[{"href":"https:\/\/www.uke.sav.sk\/en\/wp-json\/wp\/v2\/pages"}],"about":[{"href":"https:\/\/www.uke.sav.sk\/en\/wp-json\/wp\/v2\/types\/page"}],"author":[{"embeddable":true,"href":"https:\/\/www.uke.sav.sk\/en\/wp-json\/wp\/v2\/users\/1"}],"replies":[{"embeddable":true,"href":"https:\/\/www.uke.sav.sk\/en\/wp-json\/wp\/v2\/comments?post=192"}],"version-history":[{"count":3,"href":"https:\/\/www.uke.sav.sk\/en\/wp-json\/wp\/v2\/pages\/192\/revisions"}],"predecessor-version":[{"id":392,"href":"https:\/\/www.uke.sav.sk\/en\/wp-json\/wp\/v2\/pages\/192\/revisions\/392"}],"up":[{"embeddable":true,"href":"https:\/\/www.uke.sav.sk\/en\/wp-json\/wp\/v2\/pages\/49"}],"wp:attachment":[{"href":"https:\/\/www.uke.sav.sk\/en\/wp-json\/wp\/v2\/media?parent=192"}],"curies":[{"name":"wp","href":"https:\/\/api.w.org\/{rel}","templated":true}]}}