{"id":237,"date":"2016-10-13T15:04:06","date_gmt":"2016-10-13T13:04:06","guid":{"rendered":"https:\/\/www.uke.sav.sk\/en\/?page_id=237"},"modified":"2025-01-14T15:55:07","modified_gmt":"2025-01-14T14:55:07","slug":"international-landscape-ecological-symposia","status":"publish","type":"page","link":"https:\/\/www.uke.sav.sk\/en\/research\/conferences-and-symposia\/international-landscape-ecological-symposia\/","title":{"rendered":"International Landscape-Ecological Symposia"},"content":{"rendered":"<p><span style=\"text-decoration: underline;\"><strong>International Symposia dedicated to the Landscape Ecological Research organised by the Slovak Academy of Sciences since 1967<\/strong><\/span><\/p>\n<p><strong>17th Int. Symposium &#8211; Landscape and Landscape Ecology<\/strong><\/p>\n<p>&#8220;27-29 May 2015, Constantine the Philosopher University in Nitra<br \/>\n(Institute of Landscape Ecology of the Slovak Academy of Sciences, Faculty of Natural Sciences CPU in Nitra &#8211; Department of Ecology and Environmental Sciences, Slovak Ecological Society by SAS)&#8221;<\/p>\n<p>128 participants came from 21 countries: Austria, Belgium, Bulgaria, the Czech Republic, Estonia, Germany, Hungary, India, Lithuania, the Netherlands, Poland, Portugal, the Russian Federation, Serbia, the Slovak Republic, Slovenia, Spain, Switzerland, the U.S.A., Ukraine and the United Kingdom.<\/p>\n<p><strong>16th Int. Symposium &#8211; Landscape Ecology: From Theory to Practice<\/strong><\/p>\n<p>&#8220;24-27 September 2012, Congress Centre Smolenice SAS<br \/>\n(Institute of Landscape Ecology SAS, Constantine the Philosopher University in Nitra, Landscape Europe Network, Slovak Association for Landscape Ecology, European Academy of Sciences and Arts)&#8221;<\/p>\n<p>58 participants came from 10 countries: Austria, Bosnia and Herzegovina, Czech Republic, Hungary, Italy, Poland, Russia, Serbia, Slovak Republic and the Netherlands.<\/p>\n<p><strong>15th Int. Symposium &#8211; LANDSCAPE \u2013 Theory and Practice<\/strong><\/p>\n<p>&#8220;29 September \u2013 2 October 2009, Bratislava<br \/>\n(Institute of Landscape Ecology SAS, International Association for Landscape Ecology IALE-SK, Department of Landscape Ecology, Faculty of Natural Sciences Comenius University, Bratislava)&#8221;<\/p>\n<p>106 participants came from 9 countries: Austria, Czech Republic, Hungary, Japan, Poland, Russia, Serbia, Switzerland and Slovak Republic.<\/p>\n<p><strong>14th Int. Symposium &#8211; Implementation of landscape ecology in the new and changing conditions<\/strong><\/p>\n<p>&#8220;4\u20137 October 2006, Star\u00e1 Lesn\u00e1, High Tatras Mts.<br \/>\n(Institute of Landscape Ecology SAS, Slovak Association for Landscape Ecology (IALE-SK), and Constantine the Philosopher University in Nitra)&#8221;<\/p>\n<p>128 participants came from 11 countries: Austria, Czech Republic, FRG, Great Britain, Hungary, Latvia, Lithuania, the Netherlands, Poland, Slovak Republic and Turkey .<\/p>\n<p><strong>13th Int. Symposium &#8211; Landscape ecology \u2013 an international integrating tool in environmental issues<\/strong><\/p>\n<p>&#8220;30 September \u2013 3 October 2003, Mojm\u00edrovce<br \/>\n(Institute of Landscape Ecology SAS, Ministry of the Environment of the Slovak Republic; Comenius University in Bratislava, Constantine the Philosopher University in Nitra; Austrian Institute for Eastern and South-Eastern Europe, Department in Bratislava; and others)&#8221;<\/p>\n<p>110 participants came from 10 countries: Austria, Belarus, Czech Republic, FRG, Hungary, Japan, Lithuania, Poland, Russia and Slovak Republic.<\/p>\n<p><strong>12th Int. Symposium &#8211; Protected areas and landscape ecological research<\/strong><\/p>\n<p>&#8220;7\u201311 November 2000, Star\u00e1 Lesn\u00e1 \u2013 High Tatras Mts.<br \/>\n(Institute of Landscape Ecology SAS, Comenius University in Bratislava; Austrian Institute for Eastern and South-Eastern Europe, Department in Bratislava; Slovak Committee for the UNESCO Program Man and the Biosphere)&#8221;<\/p>\n<p>75 participants came from 8 countries: Austria, Czech Republic, Great Britain, Greece, Hungary, Poland, Russia and Slovak Republic.<\/p>\n<p><strong>11th Int. Symposium &#8211; System approaches to landscape research<\/strong><\/p>\n<p>&#8220;12\u201316 November 1997, Nitra<br \/>\n(Institute of Landscape Ecology SAS, Comenius University in Bratislava, Austrian Institute for Eastern and South-Eastern Europe, Department in Bratislava; Constantine the Philosopher University in Nitra)&#8221;<\/p>\n<p>70 participants came from 11 countries: Austria, Belarus, Belgium, China, Czech Republic, Germany, Japan, Poland, Russia, Slovak Republic and Ukraine.<\/p>\n<p><strong>10th Int. Symposium &#8211; Present state and new trends in landscape ecology<\/strong><\/p>\n<p>&#8220;21\u201324 November 1994, Smolenice<br \/>\n(Institute of Landscape Ecology SAS)&#8221;<\/p>\n<p>92 participants came from 13 countries: Austria, Belarus, Czech Republic, Denmark, Finland, FRG, Great Britain, Hungary, the Netherlands, Poland, Russia, Slovak Republic and Venezuela.<\/p>\n<p><strong>9th Int. Symposium &#8211; Theory and practice in landscape ecology<\/strong><\/p>\n<p>&#8220;14\u201319 October 1991, Dudince<br \/>\n(Institute of Landscape Ecology SAS; the Secretarial of the East European Region of IALE; Commission for the Environment of the Slovak Republic)&#8221;<\/p>\n<p>70 participants came from 9 countries: Austria, Finland, Germany, East Germany, Hungary, the Netherlands, Poland, Venezuela and Czechoslovakia.<\/p>\n<p><strong>8th Int. Symposium &#8211; Spatial and functional relationships in landscape ecology<\/strong><\/p>\n<p>&#8220;3\u20137 October 1988, Zempl\u00ednska \u0160\u00edrava<br \/>\n(Institute of Experimental Biology and Ecology of the SAS and the Secretarial of the East European Region of IALE)&#8221;<\/p>\n<p>148 participants came from 18 countries: Australia, Austria, Belgium, Bulgaria, Canada, China, Czechoslovakia, Denmark, Finland, FRG, GDR, Great Britain, Hungary, the Netherlands, Poland, Sweden, Soviet Union and USA.<\/p>\n<p><strong>7th Int. Symposium &#8211; Topical problems of landscape ecological research and planning<\/strong><\/p>\n<p>&#8220;21\u201326 October 1985, Pezinok<br \/>\n(Institute of Experimental Biology and Ecology of the SAS and the Secretarial of the East European Region of IALE)&#8221;<\/p>\n<p>135 participants came from 13 countries: Bulgaria, Czechoslovakia, Finland, FRG, GDR, Hungary, the Netherlands, Poland, Portugal, Thailand, Soviet Union, Sweden and Yugoslavia.<\/p>\n<p><strong>6th Int. Symposium &#8211; Ecosystem approach to the (agricultural) landscape<\/strong><br \/>\n<strong> (Foundation of IALE on 29 October 1982)&#8221;<\/strong><\/p>\n<p>&#8220;25\u201330 October 1982, Pie\u0161\u0165any<br \/>\n(Institute of Experimental Biology and Ecology SAS)&#8221;<br \/>\n122 participants came from 16 countries: Austria, Bulgaria, Canada, Czechoslovakia, Denmark, France, FRG, GDR, Hungary, the Netherlands, Nigeria, Poland, Portugal, Soviet Union, Thailand and USA.<\/p>\n<p><strong>5th Int. Symposium &#8211; Ecological stability, resistance, diversity, potentiality, productivity and equilibrium of landscape<\/strong><\/p>\n<p>&#8220;19\u201323 November 1979, Star\u00e1 Lesn\u00e1, High Tatras Mts.<br \/>\n(Institute of Experimental Biology and Ecology SAS)&#8221;<br \/>\n114 participants came from 17 countries: Austria, Bulgaria, Canada, Czechoslovakia, Cuba, Denmark, FRG, GDR, Hungary, the Netherlands, Poland, Portugal, Romania, Soviet Union, Thailand, USA and Yugoslavia.<\/p>\n<p><strong>4th Int. Symposium &#8211; Ecological data for optimum landscape utilisation<\/strong><\/p>\n<p>&#8220;22\u201326 November 1976, Smolenice<br \/>\n(Institute of Experimental Biology and Ecology SAS)&#8221;<\/p>\n<p>62 participants came from 9 countries: Belgium, Bulgaria, Czechoslovakia, France, FRG, GDR, Hungary, the Netherlands and Soviet Union.<\/p>\n<p><strong>3rd Int. Symposium &#8211; Content and object of the complex landscape research<\/strong><\/p>\n<p>&#8220;28 November \u2013 1 December 1973, Smolenice<br \/>\n(Institute of Landscape Biology SAS)&#8221;<\/p>\n<p>86 participants came from 14 countries: Austria, Belgium, Bulgaria, Czechoslovakia, France, FRG, GDR, Hungary, the Netherlands, Poland, Rumania, Soviet Union, Sweden and Yugoslavia.<\/p>\n<p><strong>2nd Int. Symposium &#8211; Application of landscape ecology in the practice<\/strong><\/p>\n<p>&#8220;21\u201324 September 1970, Smolenice<br \/>\n(Institute of Landscape Biology SAS)&#8221;<\/p>\n<p>86 participants came from 11 countries: Belgium, Bulgaria, Czechoslovakia, France, FRG, GDR, Hungary, the Netherlands, Poland, Soviet Union and Sweden.<\/p>\n<p><strong>1st Int. Symposium &#8211; Theoretical problems of biological landscape research<\/strong><\/p>\n<p>&#8221; 4\u20139 September 1967, Bratislava and V\u00fdchodn\u00e1, High Tatras Mts.<br \/>\n(Institute of Landscape Biology SAS)&#8221;<\/p>\n<p>42 participants came from 6 countries: Czechoslovakia, France, FRG, GDR, Hungary and Poland.<\/p>\n","protected":false},"excerpt":{"rendered":"<p>International Symposia dedicated to the Landscape Ecological Research organised by the Slovak Academy of Sciences since 1967 17th Int. Symposium &#8211; Landscape and Landscape Ecology&#8230;<span class=\"excerpt_more\"><a href=\"https:\/\/www.uke.sav.sk\/en\/research\/conferences-and-symposia\/international-landscape-ecological-symposia\/\">\u010d\u00edta\u0165 \u010falej &raquo;<\/a><\/span><\/p>\n","protected":false},"author":1,"featured_media":0,"parent":49,"menu_order":1,"comment_status":"closed","ping_status":"closed","template":"","meta":{"footnotes":"","_links_to":"","_links_to_target":""},"class_list":["post-237","page","type-page","status-publish","hentry"],"_links":{"self":[{"href":"https:\/\/www.uke.sav.sk\/en\/wp-json\/wp\/v2\/pages\/237","targetHints":{"allow":["GET"]}}],"collection":[{"href":"https:\/\/www.uke.sav.sk\/en\/wp-json\/wp\/v2\/pages"}],"about":[{"href":"https:\/\/www.uke.sav.sk\/en\/wp-json\/wp\/v2\/types\/page"}],"author":[{"embeddable":true,"href":"https:\/\/www.uke.sav.sk\/en\/wp-json\/wp\/v2\/users\/1"}],"replies":[{"embeddable":true,"href":"https:\/\/www.uke.sav.sk\/en\/wp-json\/wp\/v2\/comments?post=237"}],"version-history":[{"count":4,"href":"https:\/\/www.uke.sav.sk\/en\/wp-json\/wp\/v2\/pages\/237\/revisions"}],"predecessor-version":[{"id":243,"href":"https:\/\/www.uke.sav.sk\/en\/wp-json\/wp\/v2\/pages\/237\/revisions\/243"}],"up":[{"embeddable":true,"href":"https:\/\/www.uke.sav.sk\/en\/wp-json\/wp\/v2\/pages\/49"}],"wp:attachment":[{"href":"https:\/\/www.uke.sav.sk\/en\/wp-json\/wp\/v2\/media?parent=237"}],"curies":[{"name":"wp","href":"https:\/\/api.w.org\/{rel}","templated":true}]}}