{"id":273,"date":"2016-10-13T16:17:46","date_gmt":"2016-10-13T14:17:46","guid":{"rendered":"https:\/\/www.uke.sav.sk\/en\/?page_id=273"},"modified":"2025-01-14T15:55:07","modified_gmt":"2025-01-14T14:55:07","slug":"popularization-activities","status":"publish","type":"page","link":"https:\/\/www.uke.sav.sk\/en\/events\/popularization-activities\/","title":{"rendered":"Popularization activities"},"content":{"rendered":"<p><strong>Week of science and technology in Slovakia 2016<\/strong><\/p>\n<p><span style=\"text-decoration: underline;\">Doors open day on topic Research of rural landscape<\/span><\/p>\n<p>Organizer: ILE SAS Bratislava, boardroom (1. Floor)<\/p>\n<p>Date: 10. 11. 2016<\/p>\n<p><span style=\"text-decoration: underline;\">Brief characteristic of the event:<\/span><\/p>\n<p>For university students we will prepare Doors open day focused on presentation of two expert lectures on topic Slovak countryside (evaluation of environmental quality and ecosystem services), exhibition of posters and scientific publications and also visit of workplace and library.<\/p>\n<p>Presentations: expert lecture and poster presentation \u2013 (event in preparation)<\/p>\n<p>(organization team: Moyzeov\u00e1, \u0160pulerov\u00e1, Izakovi\u010dov\u00e1, Adam\u010dekov\u00e1)<\/p>\n","protected":false},"excerpt":{"rendered":"<p>Week of science and technology in Slovakia 2016 Doors open day on topic Research of rural landscape Organizer: ILE SAS Bratislava, boardroom (1. Floor) Date:&#8230;<span class=\"excerpt_more\"><a href=\"https:\/\/www.uke.sav.sk\/en\/events\/popularization-activities\/\">\u010d\u00edta\u0165 \u010falej &raquo;<\/a><\/span><\/p>\n","protected":false},"author":1,"featured_media":0,"parent":59,"menu_order":2,"comment_status":"closed","ping_status":"closed","template":"","meta":{"footnotes":"","_links_to":"","_links_to_target":""},"class_list":["post-273","page","type-page","status-publish","hentry"],"_links":{"self":[{"href":"https:\/\/www.uke.sav.sk\/en\/wp-json\/wp\/v2\/pages\/273","targetHints":{"allow":["GET"]}}],"collection":[{"href":"https:\/\/www.uke.sav.sk\/en\/wp-json\/wp\/v2\/pages"}],"about":[{"href":"https:\/\/www.uke.sav.sk\/en\/wp-json\/wp\/v2\/types\/page"}],"author":[{"embeddable":true,"href":"https:\/\/www.uke.sav.sk\/en\/wp-json\/wp\/v2\/users\/1"}],"replies":[{"embeddable":true,"href":"https:\/\/www.uke.sav.sk\/en\/wp-json\/wp\/v2\/comments?post=273"}],"version-history":[{"count":5,"href":"https:\/\/www.uke.sav.sk\/en\/wp-json\/wp\/v2\/pages\/273\/revisions"}],"predecessor-version":[{"id":280,"href":"https:\/\/www.uke.sav.sk\/en\/wp-json\/wp\/v2\/pages\/273\/revisions\/280"}],"up":[{"embeddable":true,"href":"https:\/\/www.uke.sav.sk\/en\/wp-json\/wp\/v2\/pages\/59"}],"wp:attachment":[{"href":"https:\/\/www.uke.sav.sk\/en\/wp-json\/wp\/v2\/media?parent=273"}],"curies":[{"name":"wp","href":"https:\/\/api.w.org\/{rel}","templated":true}]}}