{"id":29,"date":"2016-06-22T09:18:24","date_gmt":"2016-06-22T07:18:24","guid":{"rendered":"https:\/\/www.uke.sav.sk\/en\/?page_id=29"},"modified":"2025-01-14T15:55:06","modified_gmt":"2025-01-14T14:55:06","slug":"organizational-structure","status":"publish","type":"page","link":"https:\/\/www.uke.sav.sk\/en\/about-us\/organizational-structure\/","title":{"rendered":"Organizational Structure"},"content":{"rendered":"<p>Director: <strong>RNDr. \u013dubo\u0161 Halada, CSc.<\/strong><\/p>\n<p>Deputy Directors: <strong>Mgr. Henrik Kalivoda, PhD.<\/strong><\/p>\n<p><strong>\u00a0Ing. Jana \u0160pulerov\u00e1, PhD.<\/strong><\/p>\n<p>Scientific Secretary: <strong>RNDr. Magdal\u00e9na Bez\u00e1kov\u00e1, PhD.<\/strong><\/p>\n<p>Scientific Board of the Institute leader: <strong>Mgr. Juraj Lieskovsk\u00fd, PhD.<\/strong><\/p>\n<p>&nbsp;<\/p>\n<p><strong><em>Bratislava<\/em><\/strong><\/p>\n<p><strong><strong><strong><strong>Director&#8217;s <\/strong><\/strong>Secretariat<br \/>\n<\/strong><\/strong><\/p>\n<p><strong>Officer: Mgr.\u00a0Andrea Kub\u00e1\u010dkov\u00e1<\/strong><\/p>\n<p><strong>(tel. +421 2 52493882, fax +421 2 5249 4508)<\/strong><\/p>\n<p><strong>Department of ecosystem analyses<\/strong><\/p>\n<p>Head of the department: <strong>RNDr. R\u00f3bert Kanka, PhD.<\/strong><\/p>\n<p>(<strong>tel.<\/strong> +421 2 52494555)<\/p>\n<p>Orientation:<\/p>\n<ul>\n<li>analyses of biotic and abiotic elements of the environment<\/li>\n<li>demecology and synecology<\/li>\n<li>production ecology<\/li>\n<li>environmental impact assessment<\/li>\n<\/ul>\n<p><strong><strong><br \/>\nDepartment of landscape-ecological syntheses<\/strong><br \/>\n<\/strong><\/p>\n<p>Head of the department: <strong>RNDr.\u00a0Marta Dobrovodsk\u00e1, CSc.<\/strong><\/p>\n<p>(<strong>tel.<\/strong> +421 2 52494555)<\/p>\n<p>Orientation:<\/p>\n<ul>\n<li>landscape-ecological analyses and syntheses<\/li>\n<li>ecology of agricultural, forest and urbanised landscape<\/li>\n<li>environmental limits<\/li>\n<li>ecological problems in regions of Slovakia<\/li>\n<\/ul>\n<p><strong>Economic-technical section<\/strong><br \/>\n<strong>Officer:<\/strong> <strong>Ing. Zuzana Kubicov\u00e1<\/strong><\/p>\n<p>(tel. +421 2 20920329)<\/p>\n<p><strong>Section of science information<br \/>\n<strong>Officer:<\/strong> Alexandra Kocmanov\u00e1<br \/>\n<\/strong><\/p>\n<p>(tel. +421 2 20920323)<\/p>\n<p><strong>Editorial office Environment<br \/>\n<strong>Officer:<\/strong> Eva Orb\u00e1nov\u00e1<br \/>\n<\/strong><\/p>\n<p>(tel. +421 2 20920318)<\/p>\n<p><strong>Editorial office\u00a0Ecology (Bratislava)<\/strong><br \/>\n<strong>Officer:<\/strong> Eva Orb\u00e1nov\u00e1<\/p>\n<p>(tel. +421 2 20920333)<\/p>\n<p>&nbsp;<\/p>\n<p><strong><em>Nitra &#8211;\u00a0branch of the Institute<\/em><\/strong><\/p>\n<p><strong>Department of biodiversity of ecosystems and landscape<\/strong><\/p>\n<p>Head of the department: <strong>RNDr. Peter Gajdo\u0161,\u00a0CSc.<\/strong><\/p>\n<p>(<strong>tel.<\/strong> +421 37 7335 694)<\/p>\n<p>Orientation:<\/p>\n<ul>\n<li>structural and dynamic landscape ecology<\/li>\n<li>mapping of biotops<\/li>\n<li>biodiversity<\/li>\n<\/ul>\n<p><strong><em><br \/>\nResearch station &#8211; V\u00fdchodn\u00e1<\/em><\/strong><\/p>\n<p align=\"left\">Station is situated close to the Vysok\u00e9 Tatry mts and the N\u00edzke Tatry mts.<\/p>\n<p align=\"left\">It offers opportunities for accomodation during field works as well as for organistion of scientific meetings. Accomodation capacity is 25 persons.<\/p>\n","protected":false},"excerpt":{"rendered":"<p>Director: RNDr. \u013dubo\u0161 Halada, CSc. Deputy Directors: Mgr. Henrik Kalivoda, PhD. \u00a0Ing. Jana \u0160pulerov\u00e1, PhD. Scientific Secretary: RNDr. Magdal\u00e9na Bez\u00e1kov\u00e1, PhD. Scientific Board of the&#8230;<span class=\"excerpt_more\"><a href=\"https:\/\/www.uke.sav.sk\/en\/about-us\/organizational-structure\/\">\u010d\u00edta\u0165 \u010falej &raquo;<\/a><\/span><\/p>\n","protected":false},"author":1,"featured_media":0,"parent":8,"menu_order":4,"comment_status":"closed","ping_status":"closed","template":"","meta":{"footnotes":"","_links_to":"","_links_to_target":""},"class_list":["post-29","page","type-page","status-publish","hentry"],"_links":{"self":[{"href":"https:\/\/www.uke.sav.sk\/en\/wp-json\/wp\/v2\/pages\/29","targetHints":{"allow":["GET"]}}],"collection":[{"href":"https:\/\/www.uke.sav.sk\/en\/wp-json\/wp\/v2\/pages"}],"about":[{"href":"https:\/\/www.uke.sav.sk\/en\/wp-json\/wp\/v2\/types\/page"}],"author":[{"embeddable":true,"href":"https:\/\/www.uke.sav.sk\/en\/wp-json\/wp\/v2\/users\/1"}],"replies":[{"embeddable":true,"href":"https:\/\/www.uke.sav.sk\/en\/wp-json\/wp\/v2\/comments?post=29"}],"version-history":[{"count":5,"href":"https:\/\/www.uke.sav.sk\/en\/wp-json\/wp\/v2\/pages\/29\/revisions"}],"predecessor-version":[{"id":384,"href":"https:\/\/www.uke.sav.sk\/en\/wp-json\/wp\/v2\/pages\/29\/revisions\/384"}],"up":[{"embeddable":true,"href":"https:\/\/www.uke.sav.sk\/en\/wp-json\/wp\/v2\/pages\/8"}],"wp:attachment":[{"href":"https:\/\/www.uke.sav.sk\/en\/wp-json\/wp\/v2\/media?parent=29"}],"curies":[{"name":"wp","href":"https:\/\/api.w.org\/{rel}","templated":true}]}}