{"id":31,"date":"2016-06-22T09:18:38","date_gmt":"2016-06-22T07:18:38","guid":{"rendered":"https:\/\/www.uke.sav.sk\/en\/?page_id=31"},"modified":"2025-01-14T15:55:06","modified_gmt":"2025-01-14T14:55:06","slug":"scientific-board","status":"publish","type":"page","link":"https:\/\/www.uke.sav.sk\/en\/about-us\/scientific-board\/","title":{"rendered":"Scientific Board"},"content":{"rendered":"<p><strong>The Scientific\u00a0Board<\/strong><\/p>\n<p>The Scientific Committee of the Institute of Landscape Ecology SAS represents an advisory board especially in the field of scientific issues. The committee is guided by the statute of ILE SAS approved by ILE SAS academia.<\/p>\n<p><strong>Board\u00a0chairman:<\/strong> <a href=\"https:\/\/www.uke.sav.sk\/pracovnici\/zakladne-info\/?user_no=5761&amp;publication_author_id=0144497\">Lieskovsk\u00fd, Juraj, Mgr., PhD.<\/a><\/p>\n<p><strong>Board\u00a0members<\/strong>: <a href=\"https:\/\/www.uke.sav.sk\/pracovnici\/zakladne-info\/?user_no=3230&amp;publication_author_id=0144489\">Kenderessy, Pavol, Mgr., PhD.<\/a><\/p>\n<p><a href=\"https:\/\/www.uke.sav.sk\/pracovnici\/zakladne-info\/?user_no=1341&amp;publication_author_id=0144479\">RNDr. Marta Dobrovodsk\u00e1, PhD.<\/a><\/p>\n<p><a href=\"https:\/\/www.uke.sav.sk\/pracovnici\/zakladne-info\/?user_no=4265&amp;publication_author_id=0144484\">Mgr. Andrej Halabuk, PhD.<\/a><\/p>\n<p><strong>External members of board:<\/strong><\/p>\n<p><a href=\"https:\/\/uis.ukf.sk\/lide\/clovek.pl?zpet=https:\/\/uis.ukf.sk\/pracoviste\/pracoviste.pl;id=4197;lang=sk;quick=1\">Franti\u0161ek Petrovi\u010d, Prof. RNDr. PhD.<\/a> (Dean&#8217;s Office of the Faculty of Natural Sciences and Informatics, Constantine the Philosopher University in Nitra)<\/p>\n<p><a href=\"http:\/\/www.krajinnaekologia.sk\/pracovnici\/eva-pauditsova\/\">Eva Paudit\u0161ov\u00e1, RNDr., PhD.<\/a>\u00a0(Department of Landscape Ecology, Faculty of Natural Sciences, Comenius University)<\/p>\n<p>Du\u0161an Ko\u010dick\u00fd, Mgr., PhD. (ESPRIT s.r.o.)<\/p>\n","protected":false},"excerpt":{"rendered":"<p>The Scientific\u00a0Board The Scientific Committee of the Institute of Landscape Ecology SAS represents an advisory board especially in the field of scientific issues. The committee&#8230;<span class=\"excerpt_more\"><a href=\"https:\/\/www.uke.sav.sk\/en\/about-us\/scientific-board\/\">\u010d\u00edta\u0165 \u010falej &raquo;<\/a><\/span><\/p>\n","protected":false},"author":1,"featured_media":0,"parent":8,"menu_order":5,"comment_status":"closed","ping_status":"closed","template":"","meta":{"footnotes":"","_links_to":"","_links_to_target":""},"class_list":["post-31","page","type-page","status-publish","hentry"],"_links":{"self":[{"href":"https:\/\/www.uke.sav.sk\/en\/wp-json\/wp\/v2\/pages\/31","targetHints":{"allow":["GET"]}}],"collection":[{"href":"https:\/\/www.uke.sav.sk\/en\/wp-json\/wp\/v2\/pages"}],"about":[{"href":"https:\/\/www.uke.sav.sk\/en\/wp-json\/wp\/v2\/types\/page"}],"author":[{"embeddable":true,"href":"https:\/\/www.uke.sav.sk\/en\/wp-json\/wp\/v2\/users\/1"}],"replies":[{"embeddable":true,"href":"https:\/\/www.uke.sav.sk\/en\/wp-json\/wp\/v2\/comments?post=31"}],"version-history":[{"count":4,"href":"https:\/\/www.uke.sav.sk\/en\/wp-json\/wp\/v2\/pages\/31\/revisions"}],"predecessor-version":[{"id":385,"href":"https:\/\/www.uke.sav.sk\/en\/wp-json\/wp\/v2\/pages\/31\/revisions\/385"}],"up":[{"embeddable":true,"href":"https:\/\/www.uke.sav.sk\/en\/wp-json\/wp\/v2\/pages\/8"}],"wp:attachment":[{"href":"https:\/\/www.uke.sav.sk\/en\/wp-json\/wp\/v2\/media?parent=31"}],"curies":[{"name":"wp","href":"https:\/\/api.w.org\/{rel}","templated":true}]}}