{"id":33,"date":"2016-06-22T09:18:51","date_gmt":"2016-06-22T07:18:51","guid":{"rendered":"https:\/\/www.uke.sav.sk\/en\/?page_id=33"},"modified":"2025-04-09T13:18:44","modified_gmt":"2025-04-09T11:18:44","slug":"ph-d-study","status":"publish","type":"page","link":"https:\/\/www.uke.sav.sk\/en\/about-us\/ph-d-study\/","title":{"rendered":"Ph.D. Study"},"content":{"rendered":"<p>Institute of Landscape Ecology SAS provides doctoral training in the field of <strong>Environmental science, 4.3.1. Landscape protection and Utilisation. <\/strong><\/p>\n<table border=\"0\" cellspacing=\"0\" cellpadding=\"0\">\n<tbody>\n<tr>\n<td colspan=\"2\" valign=\"top\" width=\"614\">Postgraduate study is carried out in collaboration with the <strong>Constantine the Philosopher University in Nitra, Slovak University of Agriculture in Nitra <\/strong>and <strong>Comenius University Bratislava<\/strong><\/p>\n<p>&nbsp;<\/td>\n<\/tr>\n<tr>\n<td colspan=\"2\" valign=\"top\"><\/td>\n<\/tr>\n<tr>\n<td colspan=\"2\" valign=\"top\" width=\"614\"><\/td>\n<\/tr>\n<\/tbody>\n<\/table>\n","protected":false},"excerpt":{"rendered":"<p>Institute of Landscape Ecology SAS provides doctoral training in the field of Environmental science, 4.3.1. Landscape protection and Utilisation. Postgraduate study is carried out in&#8230;<span class=\"excerpt_more\"><a href=\"https:\/\/www.uke.sav.sk\/en\/about-us\/ph-d-study\/\">\u010d\u00edta\u0165 \u010falej &raquo;<\/a><\/span><\/p>\n","protected":false},"author":1,"featured_media":0,"parent":8,"menu_order":6,"comment_status":"closed","ping_status":"closed","template":"","meta":{"footnotes":"","_links_to":"","_links_to_target":""},"class_list":["post-33","page","type-page","status-publish","hentry"],"_links":{"self":[{"href":"https:\/\/www.uke.sav.sk\/en\/wp-json\/wp\/v2\/pages\/33","targetHints":{"allow":["GET"]}}],"collection":[{"href":"https:\/\/www.uke.sav.sk\/en\/wp-json\/wp\/v2\/pages"}],"about":[{"href":"https:\/\/www.uke.sav.sk\/en\/wp-json\/wp\/v2\/types\/page"}],"author":[{"embeddable":true,"href":"https:\/\/www.uke.sav.sk\/en\/wp-json\/wp\/v2\/users\/1"}],"replies":[{"embeddable":true,"href":"https:\/\/www.uke.sav.sk\/en\/wp-json\/wp\/v2\/comments?post=33"}],"version-history":[{"count":10,"href":"https:\/\/www.uke.sav.sk\/en\/wp-json\/wp\/v2\/pages\/33\/revisions"}],"predecessor-version":[{"id":408,"href":"https:\/\/www.uke.sav.sk\/en\/wp-json\/wp\/v2\/pages\/33\/revisions\/408"}],"up":[{"embeddable":true,"href":"https:\/\/www.uke.sav.sk\/en\/wp-json\/wp\/v2\/pages\/8"}],"wp:attachment":[{"href":"https:\/\/www.uke.sav.sk\/en\/wp-json\/wp\/v2\/media?parent=33"}],"curies":[{"name":"wp","href":"https:\/\/api.w.org\/{rel}","templated":true}]}}