{"id":428,"date":"2025-10-24T11:12:55","date_gmt":"2025-10-24T09:12:55","guid":{"rendered":"https:\/\/www.uke.sav.sk\/en\/?page_id=428"},"modified":"2025-10-27T10:29:39","modified_gmt":"2025-10-27T09:29:39","slug":"iale-2025-book-of-abstracts","status":"publish","type":"page","link":"https:\/\/www.uke.sav.sk\/en\/iale-2025-book-of-abstracts\/","title":{"rendered":"IALE 2025 IALE 2025 European Landscape Ecology Congress, Landscape Perspectives in a Rapidly Changing World: Book of Abstracts"},"content":{"rendered":"\n<div class=\"wp-block-group is-nowrap is-layout-flex wp-container-core-group-is-layout-ad2f72ca wp-block-group-is-layout-flex\">\n<p><strong>Title: <\/strong>IALE 2025 European Landscape Ecology Congress, Landscape<br>Perspectives in a Rapidly Changing World: Book of Abstracts<br><strong>Editors:<\/strong> Juraj Lieskovsk\u00fd, Zuzana Bar\u00e1nkov\u00e1, Vikt\u00f3ria Mikl\u00f3sov\u00e1, Hubert<br>Hilbert, Zuzana Ponecov\u00e1<br><strong>Publisher:<\/strong> Institute of Landscape Ecology, Slovak Academy of Sciences,<br>Bratislava, Slovakia<br><strong>Year of publication:<\/strong> 2025<br><strong>Electronic edition: <\/strong><a href=\"https:\/\/www.uke.sav.sk\/doi\/iale2025.pdf\" target=\"_blank\" rel=\"noreferrer noopener\">https:\/\/www.uke.sav.sk\/doi\/iale2025.pdf<\/a><br><strong>DOI:<\/strong> <a href=\"https:\/\/doi.org\/10.31577\/2025.9788089325344\">https:\/\/doi.org\/10.31577\/2025.9788089325344<\/a><br><strong>ISBN<\/strong> 978-80-89325-34-4<br><strong>EAN<\/strong> 9788089325344<br><\/p>\n\n\n\n<figure class=\"wp-block-image size-large is-resized\"><a href=\"https:\/\/www.uke.sav.sk\/doi\/iale2025.pdf\" target=\"_blank\" rel=\" noreferrer noopener\"><img decoding=\"async\" src=\"https:\/\/www.uke.sav.sk\/wp-content\/uploads\/iale_cover-1-724x1024.png\" alt=\"\" class=\"wp-image-3396\" style=\"width:208px;height:auto\"\/><\/a><\/figure>\n<\/div>\n\n\n\n<p><br><strong>Recommended citation:<\/strong><br><em>[Authors surname]Initial\/s[Title of abstract].In: J.Lieskovsk\u00fd, Z.Bar\u00e1nkov\u00e1,<br>V.Mikl\u00f3sov\u00e1, H.Hilbert, Z.Ponecov\u00e1, (Eds.), IALE 2025 European Landscape Ecology<br>Congress. Book of Abstracts (pp. xx-xx), ILE SAS, Bratislava.<\/em> DOI: 10.31577\/2025.9788089325344<\/p>\n\n\n\n<p><strong>Abstract:<\/strong><br>The IALE 2025 European Landscape Ecology Congress, titled \u201cLandscape Perspectives in a<br>Rapidly Changing World,\u201d was held from September 1\u20135, 2025, on the premises of the Faculty<br>of Natural Sciences, Comenius University in Bratislava. The Congress was organized by the<br>Institute of Landscape Ecology of the Slovak Academy of Sciences, in cooperation with the<br>Faculty of Natural Sciences of Comenius University, IALE-Europe, Czech Society for Landscape<br>Ecology (IALE-CZ), and Mendel University in Brno. Patronage over the Congress was granted<br>by Mr. Juraj Droba, Chairman of the Bratislava Self-Governing Region, and Mr. Mat\u00fa\u0161 Vallo,<br>Mayor of the City of Bratislava.<br>The thematic framework of the Congress reflected the current rapid developments and<br>changes in all areas of human activity, which have brought new challenges for landscape<br>ecology \u2014including the implementation of new technologies and the growing role of artificial<br>intelligence in addressing landscape-ecological topics. At the same time, it emphasized<br>opportunities for applying this knowledge in a dynamically changing world and highlighted its<br>potential impact on the future development and sustainability of landscape-ecological<br>research.<\/p>\n\n\n\n<p><strong>Table of contents<\/strong><\/p>\n\n\n\n<figure class=\"wp-block-table\"><table><tbody><tr><td>Table of contents<\/td><td>8<\/td><\/tr><tr><td>Keynote presentations<\/td><td>31 &#8211; 37<\/td><\/tr><tr><td>Theme 1. Understanding ongoing and emergent<br>drivers and pressures of landscape change<\/td><td>38 &#8211; 86<\/td><\/tr><tr><td>Theme 2. Monitoring the landscape conditions<br>and impact of landscape change<\/td><td>87 &#8211; 204<\/td><\/tr><tr><td>Theme 3. Responding to changing landscapes<\/td><td>205 &#8211; 375<\/td><\/tr><tr><td>Theme 4: Advancing with new data, tools and<br>methods in landscape ecology<\/td><td>376 &#8211; 511<\/td><\/tr><tr><td>List of Poster presentations<\/td><td>512<\/td><\/tr><tr><td>Congress Programme<\/td><td>513<\/td><\/tr><tr><td>Congress Excursions<\/td><td>514<\/td><\/tr><tr><td>Congress Photo<\/td><td>515<\/td><\/tr><\/tbody><\/table><\/figure>\n","protected":false},"excerpt":{"rendered":"<p>Title: IALE 2025 European Landscape Ecology Congress, LandscapePerspectives in a Rapidly Changing World: Book of AbstractsEditors: Juraj Lieskovsk\u00fd, Zuzana Bar\u00e1nkov\u00e1, Vikt\u00f3ria Mikl\u00f3sov\u00e1, HubertHilbert, Zuzana Ponecov\u00e1Publisher:&#8230;<span class=\"excerpt_more\"><a href=\"https:\/\/www.uke.sav.sk\/en\/iale-2025-book-of-abstracts\/\">\u010d\u00edta\u0165 \u010falej &raquo;<\/a><\/span><\/p>\n","protected":false},"author":1,"featured_media":0,"parent":0,"menu_order":0,"comment_status":"closed","ping_status":"closed","template":"","meta":{"footnotes":"","_links_to":"","_links_to_target":""},"class_list":["post-428","page","type-page","status-publish","hentry"],"_links":{"self":[{"href":"https:\/\/www.uke.sav.sk\/en\/wp-json\/wp\/v2\/pages\/428","targetHints":{"allow":["GET"]}}],"collection":[{"href":"https:\/\/www.uke.sav.sk\/en\/wp-json\/wp\/v2\/pages"}],"about":[{"href":"https:\/\/www.uke.sav.sk\/en\/wp-json\/wp\/v2\/types\/page"}],"author":[{"embeddable":true,"href":"https:\/\/www.uke.sav.sk\/en\/wp-json\/wp\/v2\/users\/1"}],"replies":[{"embeddable":true,"href":"https:\/\/www.uke.sav.sk\/en\/wp-json\/wp\/v2\/comments?post=428"}],"version-history":[{"count":9,"href":"https:\/\/www.uke.sav.sk\/en\/wp-json\/wp\/v2\/pages\/428\/revisions"}],"predecessor-version":[{"id":438,"href":"https:\/\/www.uke.sav.sk\/en\/wp-json\/wp\/v2\/pages\/428\/revisions\/438"}],"wp:attachment":[{"href":"https:\/\/www.uke.sav.sk\/en\/wp-json\/wp\/v2\/media?parent=428"}],"curies":[{"name":"wp","href":"https:\/\/api.w.org\/{rel}","templated":true}]}}