{"id":47,"date":"2016-06-22T09:21:33","date_gmt":"2016-06-22T07:21:33","guid":{"rendered":"https:\/\/www.uke.sav.sk\/en\/?page_id=47"},"modified":"2025-01-14T15:55:07","modified_gmt":"2025-01-14T14:55:07","slug":"books-and-selected-chapters","status":"publish","type":"page","link":"https:\/\/www.uke.sav.sk\/en\/research\/books-and-selected-chapters\/","title":{"rendered":"Books and Selected Chapters"},"content":{"rendered":"<p><strong><a href=\"https:\/\/www.uke.sav.sk\/en\/wp-content\/uploads\/sites\/2\/Completed-list-of-ILE-SAS-monographs-20.10.pdf\">Completed list of ILE SAS monographs (to 20.10.2016) .pdf<\/a><\/strong><\/p>\n<p><strong><a href=\"https:\/\/www.uke.sav.sk\/en\/wp-content\/uploads\/sites\/2\/Monographs-UKE-SAV_covers.pdf\">Completed list of ILE SAS monographs (to 20.10.2016) covers .pdf<\/a><\/strong><\/p>\n<p>&nbsp;<\/p>\n<p><img loading=\"lazy\" decoding=\"async\" class=\"wp-image-361 alignleft\" src=\"https:\/\/www.uke.sav.sk\/wp-content\/uploads\/LANDEP-226x300.jpg\" alt=\"landep\" width=\"174\" height=\"231\" \/><\/p>\n<p>&nbsp;<\/p>\n<p><strong>RU\u017dI\u010cKA, Milan. Krajinnoekologick\u00e9 pl\u00e1novanie &#8211; LANDEP I.<\/strong><\/p>\n<p>Bratislava : Zdru\u017eenie Biosf\u00e9ra, 2000. 120 s.<\/p>\n<p>ISBN 8096803026, 9788096803026.<\/p>\n<p>&nbsp;<\/p>\n<p>&nbsp;<\/p>\n<p>&nbsp;<\/p>\n<p>&nbsp;<\/p>\n<p><img loading=\"lazy\" decoding=\"async\" class=\"wp-image-358 alignleft\" src=\"https:\/\/www.uke.sav.sk\/wp-content\/uploads\/Biotopy-Slovenska-226x300.jpg\" alt=\"biotopy-slovenska\" width=\"176\" height=\"234\" \/><\/p>\n<p>&nbsp;<\/p>\n<p><strong>Biotopy Slovenska : pr\u00edru\u010dka k mapovaniu a katal\u00f3g biotopov.<\/strong><\/p>\n<p><strong>Editori Helena Ru\u017ei\u010dkov\u00e1, \u013dubo\u0161 Halada, Ladislav Jedli\u010dka, Eva Kalivodov\u00e1.<\/strong><\/p>\n<p>Bratislava : Stimul : \u00dastav krajinnej ekol\u00f3gie SAV, 1996. 192 s.<\/p>\n<p>ISBN 80-967527-1<\/p>\n<p>&nbsp;<\/p>\n<p>&nbsp;<\/p>\n<p>&nbsp;<\/p>\n<p><img loading=\"lazy\" decoding=\"async\" class=\"wp-image-356 alignleft\" src=\"https:\/\/www.uke.sav.sk\/wp-content\/uploads\/Altlas-krajiny-SR-226x300.jpg\" alt=\"altlas-krajiny-sr\" width=\"182\" height=\"242\" \/><\/p>\n<p>&nbsp;<\/p>\n<p>&nbsp;<\/p>\n<p><strong>Atlas krajiny Slovenskej republiky = Landscape Atlas of the Slovak Republic.<\/strong><\/p>\n<p><strong>Hlavn\u00e1 redaktorka: Tatiana Hrn\u010diarov\u00e1.<\/strong><\/p>\n<p>Bratislava : Ministerstvo \u017eivotn\u00e9ho prostredia SR ; Bansk\u00e1 Bystrica :<\/p>\n<p>Slovensk\u00e1 agent\u00fara \u017eivotn\u00e9ho prostredia, 2002. 342 s.<\/p>\n<p>ISBN 80-88833-27-2.<\/p>\n<p>&nbsp;<\/p>\n<p>&nbsp;<\/p>\n<p><img loading=\"lazy\" decoding=\"async\" class=\"wp-image-357 alignleft\" src=\"https:\/\/www.uke.sav.sk\/wp-content\/uploads\/Atlas-krajiny-CR-252x300.jpg\" alt=\"atlas-krajiny-cr\" width=\"183\" height=\"218\" \/><\/p>\n<p>&nbsp;<\/p>\n<p><strong>HRN\u010cIAROV\u00c1, Tatiana &#8211; MACKOV\u010cIN, Peter &#8211; ZVARA, Ivan.<\/strong><\/p>\n<p><strong>Atlas krajiny \u010cesk\u00e9 republiky = Landscape Atlas of the Czech Republic.<\/strong><\/p>\n<p>Praha :\u00a0Ministerstvo \u017eivotn\u00edho prost\u0159ed\u00ed \u010cesk\u00e9 republiky, 2009. 332 s.<\/p>\n<p>ISBN 978-80-85116-59-5.<\/p>\n<p>&nbsp;<\/p>\n<p>&nbsp;<\/p>\n<p>&nbsp;<\/p>\n<p><img loading=\"lazy\" decoding=\"async\" class=\"wp-image-359 alignleft\" src=\"https:\/\/www.uke.sav.sk\/wp-content\/uploads\/Krajina-ako-geosystem-226x300.jpg\" alt=\"krajina-ako-geosystem\" width=\"187\" height=\"248\" \/><\/p>\n<p>&nbsp;<\/p>\n<p><strong>MIKL\u00d3S, L\u00e1szl\u00f3 &#8211; IZAKOVI\u010cOV\u00c1, Zita. Krajina ako geosyst\u00e9m.<\/strong><\/p>\n<p>Bratislava : Veda, vydavate\u013estvo SAV, 1997. 153 s.<\/p>\n<p>ISBN 8022405191.<\/p>\n<p>&nbsp;<\/p>\n<p>&nbsp;<\/p>\n<p>&nbsp;<\/p>\n<p>&nbsp;<\/p>\n<p>&nbsp;<\/p>\n<p><img loading=\"lazy\" decoding=\"async\" class=\"wp-image-360 alignleft\" src=\"https:\/\/www.uke.sav.sk\/wp-content\/uploads\/Kraninnoekologicke-podmienky-TUR-226x300.jpg\" alt=\"kraninnoekologicke-podmienky-tur\" width=\"192\" height=\"255\" \/><\/p>\n<p>&nbsp;<\/p>\n<p><strong>IZAKOVI\u010cOV\u00c1, Zita &#8211; MIKL\u00d3S, L\u00e1szl\u00f3 &#8211; DRDO\u0160, J\u00e1n.<\/strong><\/p>\n<p><strong>Krajinnoekologick\u00e9\u00a0 podmienky trvalo udr\u017eate\u013en\u00e9ho rozvoja.<\/strong><\/p>\n<p>Bratislava : Veda, 1997. 183 s.<\/p>\n<p>ISBN 80-224-0485-3.<\/p>\n","protected":false},"excerpt":{"rendered":"<p>Completed list of ILE SAS monographs (to 20.10.2016) .pdf Completed list of ILE SAS monographs (to 20.10.2016) covers .pdf &nbsp; &nbsp; RU\u017dI\u010cKA, Milan. Krajinnoekologick\u00e9 pl\u00e1novanie&#8230;<span class=\"excerpt_more\"><a href=\"https:\/\/www.uke.sav.sk\/en\/research\/books-and-selected-chapters\/\">\u010d\u00edta\u0165 \u010falej &raquo;<\/a><\/span><\/p>\n","protected":false},"author":1,"featured_media":0,"parent":39,"menu_order":6,"comment_status":"closed","ping_status":"closed","template":"","meta":{"footnotes":"","_links_to":"","_links_to_target":""},"class_list":["post-47","page","type-page","status-publish","hentry"],"_links":{"self":[{"href":"https:\/\/www.uke.sav.sk\/en\/wp-json\/wp\/v2\/pages\/47","targetHints":{"allow":["GET"]}}],"collection":[{"href":"https:\/\/www.uke.sav.sk\/en\/wp-json\/wp\/v2\/pages"}],"about":[{"href":"https:\/\/www.uke.sav.sk\/en\/wp-json\/wp\/v2\/types\/page"}],"author":[{"embeddable":true,"href":"https:\/\/www.uke.sav.sk\/en\/wp-json\/wp\/v2\/users\/1"}],"replies":[{"embeddable":true,"href":"https:\/\/www.uke.sav.sk\/en\/wp-json\/wp\/v2\/comments?post=47"}],"version-history":[{"count":8,"href":"https:\/\/www.uke.sav.sk\/en\/wp-json\/wp\/v2\/pages\/47\/revisions"}],"predecessor-version":[{"id":314,"href":"https:\/\/www.uke.sav.sk\/en\/wp-json\/wp\/v2\/pages\/47\/revisions\/314"}],"up":[{"embeddable":true,"href":"https:\/\/www.uke.sav.sk\/en\/wp-json\/wp\/v2\/pages\/39"}],"wp:attachment":[{"href":"https:\/\/www.uke.sav.sk\/en\/wp-json\/wp\/v2\/media?parent=47"}],"curies":[{"name":"wp","href":"https:\/\/api.w.org\/{rel}","templated":true}]}}