{"id":55,"date":"2016-06-22T09:22:35","date_gmt":"2016-06-22T07:22:35","guid":{"rendered":"https:\/\/www.uke.sav.sk\/en\/?page_id=55"},"modified":"2025-01-14T15:55:07","modified_gmt":"2025-01-14T14:55:07","slug":"annual-reports","status":"publish","type":"page","link":"https:\/\/www.uke.sav.sk\/en\/documents\/annual-reports\/","title":{"rendered":"Annual Reports"},"content":{"rendered":"<table>\n<tbody>\n<tr>\n<td valign=\"top\">\n<table border=\"0\" cellspacing=\"0\" cellpadding=\"0\">\n<tbody>\n<tr>\n<td colspan=\"2\" valign=\"top\">\n<table class=\"contentpaneopen\">\n<tbody>\n<tr>\n<td valign=\"top\">\n<table border=\"0\" cellspacing=\"0\" cellpadding=\"0\">\n<tbody>\n<tr>\n<td colspan=\"2\" valign=\"top\"><strong><a href=\"https:\/\/www.uke.sav.sk\/old\/phocadownload\/VS_08_sprava.pdf\" target=\"_blank\" rel=\"noopener\">Annual report for year<\/a><a href=\"https:\/\/www.uke.sav.sk\/old\/phocadownload\/UKESAV_sprava_2015.pdf\" target=\"_blank\" rel=\"noopener\"> 2015<\/a><\/strong><\/td>\n<\/tr>\n<tr>\n<td colspan=\"2\" valign=\"top\" width=\"614\"><img loading=\"lazy\" decoding=\"async\" src=\"https:\/\/www.uke.sav.sk\/old\/images\/M_images\/arrow.png\" width=\"9\" height=\"9\" border=\"0\" \/><strong><em>attachments are in report<\/em><\/strong><\/td>\n<\/tr>\n<tr>\n<td colspan=\"2\" valign=\"top\"><strong><a href=\"https:\/\/www.uke.sav.sk\/old\/phocadownload\/VS_08_sprava.pdf\" target=\"_blank\" rel=\"noopener\">Annual report for year<\/a><a href=\"https:\/\/www.uke.sav.sk\/old\/phocadownload\/UKESAV_sprava_2014.pdf\" target=\"_blank\" rel=\"noopener\"> 2014<\/a><\/strong><\/td>\n<\/tr>\n<tr>\n<td colspan=\"2\" valign=\"top\" width=\"614\"><img loading=\"lazy\" decoding=\"async\" src=\"https:\/\/www.uke.sav.sk\/old\/images\/M_images\/arrow.png\" width=\"9\" height=\"9\" border=\"0\" \/><strong><em>attachments are in report<\/em><\/strong><\/td>\n<\/tr>\n<tr>\n<td colspan=\"2\" valign=\"top\"><strong><a href=\"https:\/\/www.uke.sav.sk\/old\/phocadownload\/VS_08_sprava.pdf\" target=\"_blank\" rel=\"noopener\">Annual report for year<\/a><a href=\"https:\/\/www.uke.sav.sk\/old\/phocadownload\/UKESAV_sprava_2013.pdf\" target=\"_blank\" rel=\"noopener\"> 2013<\/a><\/strong><\/td>\n<\/tr>\n<tr>\n<td colspan=\"2\" valign=\"top\" width=\"614\"><img loading=\"lazy\" decoding=\"async\" src=\"https:\/\/www.uke.sav.sk\/old\/images\/M_images\/arrow.png\" width=\"9\" height=\"9\" border=\"0\" \/><strong><em>attachments are in report<\/em><\/strong><\/td>\n<\/tr>\n<tr>\n<td colspan=\"2\" valign=\"top\"><strong><a href=\"https:\/\/www.uke.sav.sk\/old\/phocadownload\/VS_08_sprava.pdf\" target=\"_blank\" rel=\"noopener\">Annual report for year<\/a><a href=\"https:\/\/www.uke.sav.sk\/old\/phocadownload\/UKESAV_sprava_2012.pdf\" target=\"_blank\" rel=\"noopener\"> 2012<\/a><\/strong><\/td>\n<\/tr>\n<tr>\n<td colspan=\"2\" valign=\"top\" width=\"614\"><img loading=\"lazy\" decoding=\"async\" src=\"https:\/\/www.uke.sav.sk\/old\/images\/M_images\/arrow.png\" width=\"9\" height=\"9\" border=\"0\" \/><strong><em>attachments are in report<\/em><\/strong><\/td>\n<\/tr>\n<tr>\n<td colspan=\"2\" valign=\"top\"><strong><a href=\"https:\/\/www.uke.sav.sk\/old\/phocadownload\/VS_08_sprava.pdf\" target=\"_blank\" rel=\"noopener\">Annual report for year<\/a><a href=\"https:\/\/www.uke.sav.sk\/old\/phocadownload\/UKESAV_sprava_2011.pdf\" target=\"_blank\" rel=\"noopener\"> 2011<\/a><\/strong><\/td>\n<\/tr>\n<tr>\n<td colspan=\"2\" valign=\"top\" width=\"614\"><img loading=\"lazy\" decoding=\"async\" src=\"https:\/\/www.uke.sav.sk\/old\/images\/M_images\/arrow.png\" width=\"9\" height=\"9\" border=\"0\" \/><strong><em>attachments are in report<\/em><\/strong><\/td>\n<\/tr>\n<tr>\n<td colspan=\"2\" valign=\"top\"><strong><a href=\"https:\/\/www.uke.sav.sk\/old\/phocadownload\/VS_08_sprava.pdf\" target=\"_blank\" rel=\"noopener\">Annual report for year<\/a><a href=\"https:\/\/www.uke.sav.sk\/old\/phocadownload\/UKESAV_sprava_2010.pdf\" target=\"_blank\" rel=\"noopener\"> 2010<\/a><\/strong><\/td>\n<\/tr>\n<tr>\n<td colspan=\"2\" valign=\"top\" width=\"614\"><img loading=\"lazy\" decoding=\"async\" src=\"https:\/\/www.uke.sav.sk\/old\/images\/M_images\/arrow.png\" width=\"9\" height=\"9\" border=\"0\" \/><strong><em>attachments are in report<\/em><\/strong><\/td>\n<\/tr>\n<\/tbody>\n<\/table>\n<\/td>\n<\/tr>\n<\/tbody>\n<\/table>\n<p><strong><a href=\"https:\/\/www.uke.sav.sk\/old\/phocadownload\/UKESAV_sprava%202009.pdf\" target=\"_blank\" rel=\"noopener\"><strong>Annual report for year\u00a02009<\/strong><\/a><\/strong><\/td>\n<\/tr>\n<tr>\n<td colspan=\"2\" valign=\"top\" width=\"614\"><strong><em><em><strong><em><strong><em><strong><em><strong><strong><strong><em><strong><em><strong><em><strong><em><strong><img loading=\"lazy\" decoding=\"async\" src=\"https:\/\/www.uke.sav.sk\/old\/images\/M_images\/arrow.png\" width=\"9\" height=\"9\" border=\"0\" \/><em>attachments<\/em><\/strong><\/em><\/strong><\/em><\/strong><\/em><\/strong><\/em><\/strong><\/strong><\/strong><\/em><\/strong><\/em><\/strong><\/em><\/strong><\/em> are in report<\/em><br \/>\n<\/strong><\/td>\n<\/tr>\n<tr>\n<td colspan=\"2\" valign=\"top\"><strong><strong><a href=\"https:\/\/www.uke.sav.sk\/old\/phocadownload\/VS_08_sprava.pdf\" target=\"_blank\" rel=\"noopener\"><strong>Annual report for year 2008<\/strong><\/a><\/strong><br \/>\n<\/strong><\/td>\n<\/tr>\n<tr>\n<td colspan=\"2\" valign=\"top\" width=\"614\"><a href=\"https:\/\/www.uke.sav.sk\/old\/phocadownload\/VS_08_Priloha_1.pdf\" target=\"_blank\" rel=\"noopener\"><em><strong><em><strong><em><strong><em><strong><strong><strong><em><strong><em><strong><em><strong><em><strong><img loading=\"lazy\" decoding=\"async\" src=\"https:\/\/www.uke.sav.sk\/old\/images\/M_images\/arrow.png\" width=\"9\" height=\"9\" border=\"0\" \/><\/strong><\/em><\/strong><\/em><\/strong><\/em><\/strong><\/em><\/strong><\/strong><\/strong><\/em><\/strong><\/em><\/strong><\/em><\/strong><\/em>attachment 1<\/a><\/td>\n<\/tr>\n<tr>\n<td colspan=\"2\"><a href=\"https:\/\/www.uke.sav.sk\/old\/phocadownload\/VS_08_priloha_2.pdf\" target=\"_blank\" rel=\"noopener\"><em><strong><em><strong><em><strong><em><strong><strong><strong><em><strong><em><strong><em><strong><em><strong><img loading=\"lazy\" decoding=\"async\" src=\"https:\/\/www.uke.sav.sk\/old\/images\/M_images\/arrow.png\" width=\"9\" height=\"9\" border=\"0\" \/>attachment<\/strong><\/em><\/strong><\/em><\/strong><\/em><\/strong><\/em><\/strong><\/strong><\/strong><\/em><\/strong><\/em><\/strong><\/em><\/strong><\/em> 2<\/a><\/td>\n<\/tr>\n<tr>\n<td colspan=\"2\"><a href=\"https:\/\/www.uke.sav.sk\/old\/phocadownload\/VS_08_Priloha_3.pdf\" target=\"_blank\" rel=\"noopener\"><em><strong><em><strong><em><strong><em><strong><strong><strong><em><strong><em><strong><em><strong><em><strong><img loading=\"lazy\" decoding=\"async\" src=\"https:\/\/www.uke.sav.sk\/old\/images\/M_images\/arrow.png\" width=\"9\" height=\"9\" border=\"0\" \/><\/strong><\/em><\/strong><\/em><\/strong><\/em><\/strong><\/em><\/strong><\/strong><\/strong><\/em><\/strong><\/em><\/strong><\/em><\/strong><\/em>attachment 3<\/a><\/td>\n<\/tr>\n<tr>\n<td colspan=\"2\"><a href=\"https:\/\/www.uke.sav.sk\/old\/phocadownload\/VS_08_Priloha_4.pdf\" target=\"_blank\" rel=\"noopener\"><em><strong><em><strong><em><strong><em><strong><strong><strong><em><strong><em><strong><em><strong><em><strong><img loading=\"lazy\" decoding=\"async\" src=\"https:\/\/www.uke.sav.sk\/old\/images\/M_images\/arrow.png\" width=\"9\" height=\"9\" border=\"0\" \/><\/strong><\/em><\/strong><\/em><\/strong><\/em><\/strong><\/em><\/strong><\/strong><\/strong><\/em><\/strong><\/em><\/strong><\/em><\/strong><\/em>attachment 4<\/a><\/td>\n<\/tr>\n<tr>\n<td colspan=\"2\"><a href=\"https:\/\/www.uke.sav.sk\/old\/phocadownload\/VS_08_Priloha_5.pdf\" target=\"_blank\" rel=\"noopener\"><em><strong><em><strong><em><strong><em><strong><strong><strong><em><strong><em><strong><em><strong><em><strong><img loading=\"lazy\" decoding=\"async\" src=\"https:\/\/www.uke.sav.sk\/old\/images\/M_images\/arrow.png\" width=\"9\" height=\"9\" border=\"0\" \/><\/strong><\/em><\/strong><\/em><\/strong><\/em><\/strong><\/em><\/strong><\/strong><\/strong><\/em><\/strong><\/em><\/strong><\/em><\/strong><\/em>attachment 5<\/a><\/td>\n<\/tr>\n<tr>\n<td colspan=\"2\"><strong><strong><a href=\"https:\/\/www.uke.sav.sk\/old\/phocadownload\/VS07-sprava_UKE.pdf\" target=\"_blank\" rel=\"noopener\"><strong>Annual report for year 2007<\/strong><\/a><\/strong><\/strong><\/td>\n<\/tr>\n<tr>\n<td colspan=\"2\"><a href=\"https:\/\/www.uke.sav.sk\/old\/phocadownload\/VS07-priloha1_UKE.pdf\" target=\"_blank\" rel=\"noopener\"><em><strong><em><strong><em><strong><em><strong><strong><strong><em><strong><em><strong><em><strong><em><strong><img loading=\"lazy\" decoding=\"async\" src=\"https:\/\/www.uke.sav.sk\/old\/images\/M_images\/arrow.png\" width=\"9\" height=\"9\" border=\"0\" \/><\/strong><\/em><\/strong><\/em><\/strong><\/em><\/strong><\/em><\/strong><\/strong><\/strong><\/em><\/strong><\/em><\/strong><\/em><\/strong><\/em>attachment 1<\/a><\/td>\n<\/tr>\n<tr>\n<td colspan=\"2\"><a href=\"https:\/\/www.uke.sav.sk\/old\/phocadownload\/VS07-priloha2_%20UKE.pdf\" target=\"_blank\" rel=\"noopener\"><em><strong><em><strong><em><strong><em><strong><strong><strong><em><strong><em><strong><em><strong><em><strong><img loading=\"lazy\" decoding=\"async\" src=\"https:\/\/www.uke.sav.sk\/old\/images\/M_images\/arrow.png\" width=\"9\" height=\"9\" border=\"0\" \/><\/strong><\/em><\/strong><\/em><\/strong><\/em><\/strong><\/em><\/strong><\/strong><\/strong><\/em><\/strong><\/em><\/strong><\/em><\/strong><\/em>attachment 2<\/a><\/td>\n<\/tr>\n<tr>\n<td colspan=\"2\"><a href=\"https:\/\/www.uke.sav.sk\/old\/phocadownload\/VS07-priloha%203_UKE.pdf\" target=\"_blank\" rel=\"noopener\"><em><strong><em><strong><em><strong><em><strong><strong><strong><em><strong><em><strong><em><strong><em><strong><img loading=\"lazy\" decoding=\"async\" src=\"https:\/\/www.uke.sav.sk\/old\/images\/M_images\/arrow.png\" width=\"9\" height=\"9\" border=\"0\" \/><\/strong><\/em><\/strong><\/em><\/strong><\/em><\/strong><\/em><\/strong><\/strong><\/strong><\/em><\/strong><\/em><\/strong><\/em><\/strong><\/em>attachment 3<\/a><\/td>\n<\/tr>\n<tr>\n<td colspan=\"2\"><a href=\"https:\/\/www.uke.sav.sk\/old\/phocadownload\/VS07-priloha4_UKE.pdf\" target=\"_blank\" rel=\"noopener\"><em><strong><em><strong><em><strong><em><strong><strong><strong><em><strong><em><strong><em><strong><em><strong><img loading=\"lazy\" decoding=\"async\" src=\"https:\/\/www.uke.sav.sk\/old\/images\/M_images\/arrow.png\" width=\"9\" height=\"9\" border=\"0\" \/><\/strong><\/em><\/strong><\/em><\/strong><\/em><\/strong><\/em><\/strong><\/strong><\/strong><\/em><\/strong><\/em><\/strong><\/em><\/strong><\/em>attachment 4<\/a><\/td>\n<\/tr>\n<tr>\n<td colspan=\"2\"><a href=\"https:\/\/www.uke.sav.sk\/old\/phocadownload\/VS07-priloha5_UKE.pdf\" target=\"_blank\" rel=\"noopener\"><em><strong><em><strong><em><strong><em><strong><strong><strong><em><strong><em><strong><em><strong><em><strong><img loading=\"lazy\" decoding=\"async\" src=\"https:\/\/www.uke.sav.sk\/old\/images\/M_images\/arrow.png\" width=\"9\" height=\"9\" border=\"0\" \/><\/strong><\/em><\/strong><\/em><\/strong><\/em><\/strong><\/em><\/strong><\/strong><\/strong><\/em><\/strong><\/em><\/strong><\/em><\/strong><\/em>attachment 5<\/a><\/td>\n<\/tr>\n<tr>\n<td colspan=\"2\"><a href=\"https:\/\/www.uke.sav.sk\/old\/phocadownload\/Sprava_2006.pdf\" target=\"_blank\" rel=\"noopener\"><strong>Annual report for year 2006<\/strong><\/a><\/td>\n<\/tr>\n<tr>\n<td colspan=\"2\"><a href=\"https:\/\/www.uke.sav.sk\/old\/phocadownload\/Priloha1_2006.pdf\" target=\"_blank\" rel=\"noopener\"><img loading=\"lazy\" decoding=\"async\" src=\"https:\/\/www.uke.sav.sk\/old\/images\/M_images\/arrow.png\" width=\"9\" height=\"9\" border=\"0\" \/>attachment 1<\/a><\/td>\n<\/tr>\n<tr>\n<td colspan=\"2\"><a href=\"https:\/\/www.uke.sav.sk\/old\/phocadownload\/Priloha2_2006.pdf\" target=\"_blank\" rel=\"noopener\"><img loading=\"lazy\" decoding=\"async\" src=\"https:\/\/www.uke.sav.sk\/old\/images\/M_images\/arrow.png\" width=\"9\" height=\"9\" border=\"0\" \/>attachment 2<\/a><\/td>\n<\/tr>\n<tr>\n<td colspan=\"2\"><a href=\"https:\/\/www.uke.sav.sk\/old\/phocadownload\/Priloha3_2006.pdf\" target=\"_blank\" rel=\"noopener\"><img loading=\"lazy\" decoding=\"async\" src=\"https:\/\/www.uke.sav.sk\/old\/images\/M_images\/arrow.png\" width=\"9\" height=\"9\" border=\"0\" \/>attachment 3<\/a><\/td>\n<\/tr>\n<tr>\n<td colspan=\"2\"><a href=\"https:\/\/www.uke.sav.sk\/old\/phocadownload\/Priloha4_2006.pdf\" target=\"_blank\" rel=\"noopener\"><img loading=\"lazy\" decoding=\"async\" src=\"https:\/\/www.uke.sav.sk\/old\/images\/M_images\/arrow.png\" width=\"9\" height=\"9\" border=\"0\" \/>attachment 4<\/a><\/td>\n<\/tr>\n<tr>\n<td colspan=\"2\"><a href=\"https:\/\/www.uke.sav.sk\/old\/phocadownload\/Priloha5_2006.pdf\" target=\"_blank\" rel=\"noopener\"><img loading=\"lazy\" decoding=\"async\" src=\"https:\/\/www.uke.sav.sk\/old\/images\/M_images\/arrow.png\" width=\"9\" height=\"9\" border=\"0\" \/>attachment 5<\/a><\/td>\n<\/tr>\n<tr>\n<td colspan=\"2\"><a href=\"https:\/\/www.uke.sav.sk\/old\/phocadownload\/Sprava_2005.pdf\" target=\"_blank\" rel=\"noopener\"><strong>Annual report for year 2005<\/strong><\/a><\/td>\n<\/tr>\n<tr>\n<td colspan=\"2\"><img loading=\"lazy\" decoding=\"async\" src=\"https:\/\/www.uke.sav.sk\/old\/images\/M_images\/arrow.png\" width=\"9\" height=\"9\" border=\"0\" \/><a href=\"https:\/\/www.uke.sav.sk\/old\/phocadownload\/Priloha1_2005.pdf\" target=\"_blank\" rel=\"noopener\">attachment 1<\/a><\/td>\n<\/tr>\n<tr>\n<td colspan=\"2\"><img loading=\"lazy\" decoding=\"async\" src=\"https:\/\/www.uke.sav.sk\/old\/images\/M_images\/arrow.png\" width=\"9\" height=\"9\" border=\"0\" \/><a href=\"https:\/\/www.uke.sav.sk\/old\/phocadownload\/Priloha2_2005.pdf\" target=\"_blank\" rel=\"noopener\">attachment 2<\/a><\/td>\n<\/tr>\n<tr>\n<td colspan=\"2\"><img loading=\"lazy\" decoding=\"async\" src=\"https:\/\/www.uke.sav.sk\/old\/images\/M_images\/arrow.png\" width=\"9\" height=\"9\" border=\"0\" \/><a href=\"https:\/\/www.uke.sav.sk\/old\/phocadownload\/Priloha3_2005.pdf\" target=\"_blank\" rel=\"noopener\">attachment 3<\/a><\/td>\n<\/tr>\n<tr>\n<td colspan=\"2\"><img loading=\"lazy\" decoding=\"async\" src=\"https:\/\/www.uke.sav.sk\/old\/images\/M_images\/arrow.png\" width=\"9\" height=\"9\" border=\"0\" \/><a href=\"https:\/\/www.uke.sav.sk\/old\/phocadownload\/Priloha4_2005.pdf\" target=\"_blank\" rel=\"noopener\">attachment 4<\/a><\/td>\n<\/tr>\n<tr>\n<td colspan=\"2\"><img loading=\"lazy\" decoding=\"async\" src=\"https:\/\/www.uke.sav.sk\/old\/images\/M_images\/arrow.png\" width=\"9\" height=\"9\" border=\"0\" \/><a href=\"https:\/\/www.uke.sav.sk\/old\/phocadownload\/Priloha5_2005.pdf\" target=\"_blank\" rel=\"noopener\">attachment 5<\/a><\/td>\n<\/tr>\n<tr>\n<td colspan=\"2\"><a href=\"https:\/\/www.uke.sav.sk\/old\/phocadownload\/Sprava_2004.pdf\" target=\"_blank\" rel=\"noopener\"><strong>Annual report for year 2004<\/strong><\/a><\/td>\n<\/tr>\n<tr>\n<td colspan=\"2\"><img loading=\"lazy\" decoding=\"async\" src=\"https:\/\/www.uke.sav.sk\/old\/images\/M_images\/arrow.png\" width=\"9\" height=\"9\" border=\"0\" \/><a href=\"https:\/\/www.uke.sav.sk\/old\/phocadownload\/Priloha1_2004.pdf\" target=\"_blank\" rel=\"noopener\">attachment 1<\/a><\/td>\n<\/tr>\n<tr>\n<td colspan=\"2\"><img loading=\"lazy\" decoding=\"async\" src=\"https:\/\/www.uke.sav.sk\/old\/images\/M_images\/arrow.png\" width=\"9\" height=\"9\" border=\"0\" \/><a href=\"https:\/\/www.uke.sav.sk\/old\/phocadownload\/Priloha2_2004.pdf\" target=\"_blank\" rel=\"noopener\">attachment 2<\/a><\/td>\n<\/tr>\n<tr>\n<td colspan=\"2\"><img loading=\"lazy\" decoding=\"async\" src=\"https:\/\/www.uke.sav.sk\/old\/images\/M_images\/arrow.png\" width=\"9\" height=\"9\" border=\"0\" \/><a href=\"https:\/\/www.uke.sav.sk\/old\/phocadownload\/Priloha3_2004.pdf\" target=\"_blank\" rel=\"noopener\">attachment 3<\/a><\/td>\n<\/tr>\n<tr>\n<td colspan=\"2\"><img loading=\"lazy\" decoding=\"async\" src=\"https:\/\/www.uke.sav.sk\/old\/images\/M_images\/arrow.png\" width=\"9\" height=\"9\" border=\"0\" \/><a href=\"https:\/\/www.uke.sav.sk\/old\/phocadownload\/Priloha4_2004.pdf\" target=\"_blank\" rel=\"noopener\">attachment 4<\/a><\/td>\n<\/tr>\n<tr>\n<td colspan=\"2\"><img loading=\"lazy\" decoding=\"async\" src=\"https:\/\/www.uke.sav.sk\/old\/images\/M_images\/arrow.png\" width=\"9\" height=\"9\" border=\"0\" \/><a href=\"https:\/\/www.uke.sav.sk\/old\/phocadownload\/Priloha5_2004.pdf\" target=\"_blank\" rel=\"noopener\">attachment 5<\/a><\/td>\n<\/tr>\n<tr>\n<td colspan=\"2\"><a href=\"https:\/\/www.uke.sav.sk\/old\/phocadownload\/Sprava_2003.pdf\" target=\"_blank\" rel=\"noopener\"><strong>Annual report for year 2003<\/strong><\/a><\/td>\n<\/tr>\n<tr>\n<td colspan=\"2\"><img loading=\"lazy\" decoding=\"async\" src=\"https:\/\/www.uke.sav.sk\/old\/images\/M_images\/arrow.png\" width=\"9\" height=\"9\" border=\"0\" \/><a href=\"https:\/\/www.uke.sav.sk\/old\/phocadownload\/Priloha1_2003.pdf\" target=\"_blank\" rel=\"noopener\">attachment 1<\/a><\/td>\n<\/tr>\n<tr>\n<td colspan=\"2\"><img loading=\"lazy\" decoding=\"async\" src=\"https:\/\/www.uke.sav.sk\/old\/images\/M_images\/arrow.png\" width=\"9\" height=\"9\" border=\"0\" \/><a href=\"https:\/\/www.uke.sav.sk\/old\/phocadownload\/Priloha2_2003.pdf\" target=\"_blank\" rel=\"noopener\">attachment 2<\/a><\/td>\n<\/tr>\n<tr>\n<td colspan=\"2\"><img loading=\"lazy\" decoding=\"async\" src=\"https:\/\/www.uke.sav.sk\/old\/images\/M_images\/arrow.png\" width=\"9\" height=\"9\" border=\"0\" \/><a href=\"https:\/\/www.uke.sav.sk\/old\/phocadownload\/Priloha3_2003.pdf\" target=\"_blank\" rel=\"noopener\">attachment 3<\/a><\/td>\n<\/tr>\n<tr>\n<td colspan=\"2\"><img loading=\"lazy\" decoding=\"async\" src=\"https:\/\/www.uke.sav.sk\/old\/images\/M_images\/arrow.png\" width=\"9\" height=\"9\" border=\"0\" \/><a href=\"https:\/\/www.uke.sav.sk\/old\/phocadownload\/Priloha4_2003.pdf\" target=\"_blank\" rel=\"noopener\">attachment 4<\/a><\/td>\n<\/tr>\n<tr>\n<td colspan=\"2\"><img loading=\"lazy\" decoding=\"async\" src=\"https:\/\/www.uke.sav.sk\/old\/images\/M_images\/arrow.png\" width=\"9\" height=\"9\" border=\"0\" \/><a href=\"https:\/\/www.uke.sav.sk\/old\/phocadownload\/Priloha5_2003.pdf\" target=\"_blank\" rel=\"noopener\">attachment 5<\/a><\/td>\n<\/tr>\n<\/tbody>\n<\/table>\n<\/td>\n<\/tr>\n<\/tbody>\n<\/table>\n","protected":false},"excerpt":{"rendered":"<p>Annual report for year 2015 attachments are in report Annual report for year 2014 attachments are in report Annual report for year 2013 attachments are&#8230;<span class=\"excerpt_more\"><a href=\"https:\/\/www.uke.sav.sk\/en\/documents\/annual-reports\/\">\u010d\u00edta\u0165 \u010falej &raquo;<\/a><\/span><\/p>\n","protected":false},"author":1,"featured_media":0,"parent":53,"menu_order":1,"comment_status":"closed","ping_status":"closed","template":"","meta":{"footnotes":"","_links_to":"","_links_to_target":""},"class_list":["post-55","page","type-page","status-publish","hentry"],"_links":{"self":[{"href":"https:\/\/www.uke.sav.sk\/en\/wp-json\/wp\/v2\/pages\/55","targetHints":{"allow":["GET"]}}],"collection":[{"href":"https:\/\/www.uke.sav.sk\/en\/wp-json\/wp\/v2\/pages"}],"about":[{"href":"https:\/\/www.uke.sav.sk\/en\/wp-json\/wp\/v2\/types\/page"}],"author":[{"embeddable":true,"href":"https:\/\/www.uke.sav.sk\/en\/wp-json\/wp\/v2\/users\/1"}],"replies":[{"embeddable":true,"href":"https:\/\/www.uke.sav.sk\/en\/wp-json\/wp\/v2\/comments?post=55"}],"version-history":[{"count":6,"href":"https:\/\/www.uke.sav.sk\/en\/wp-json\/wp\/v2\/pages\/55\/revisions"}],"predecessor-version":[{"id":393,"href":"https:\/\/www.uke.sav.sk\/en\/wp-json\/wp\/v2\/pages\/55\/revisions\/393"}],"up":[{"embeddable":true,"href":"https:\/\/www.uke.sav.sk\/en\/wp-json\/wp\/v2\/pages\/53"}],"wp:attachment":[{"href":"https:\/\/www.uke.sav.sk\/en\/wp-json\/wp\/v2\/media?parent=55"}],"curies":[{"name":"wp","href":"https:\/\/api.w.org\/{rel}","templated":true}]}}